{"id":26,"date":"2012-12-10T15:01:11","date_gmt":"2012-12-10T13:01:11","guid":{"rendered":"http:\/\/www.eng.biu.ac.il\/fridmama\/?page_id=26"},"modified":"2020-12-14T10:56:41","modified_gmt":"2020-12-14T08:56:41","slug":"publications","status":"publish","type":"page","link":"https:\/\/www.eng.biu.ac.il\/fridmama\/publications\/","title":{"rendered":"Publications"},"content":{"rendered":"<p><strong>Temporal optics<\/strong><\/p>\n<ol>\n<li>Avi Klein, Inbar Sibony, Sara Meir, Hamootal Duadi, Michelle Y. Sander, and Moti Fridman, \u201cTemporal imaging with a high filling factor,\u201d <em>APL Photonics<\/em> <strong>5<\/strong>(9), 090801 (2020).<\/li>\n<li>Avi Klein,Shir Shahal,Sara Meir , Hamootal Duadi, Kfir Sulimany, Ohad Lib, Hadar Steinberg, Stanislav A Kolpakov, and Moti Fridman, \"<a href=\"https:\/\/www.osapublishing.org\/osac\/abstract.cfm?uri=osac-2-11-3102\">Ultrafast twin-peak rogue waves in a vector field<\/a>,\" <em>OSA Continuum<\/em> <strong>2<\/strong>(11),3102-3106(2019).<\/li>\n<li>Avi Klein,Inbar Sibony, Sara MeirShir Shahal, , Hamootal Duadi, and Moti Fridman \u201c<a class=\"gsc_vcd_title_link\" href=\"https:\/\/ieeexplore.ieee.org\/abstract\/document\/8720008\/\" data-clk=\"hl=iw&amp;sa=T&amp;ei=35RoXr3IHMSOmwHhsYOgBg\">Overlapping time-lens array<\/a>,\" <em>IEEE Photonics Journal<\/em> <strong>11<\/strong>(3), 1-6 (2019).<\/li>\n<li>Hamootal Duadi, Tomer Yaron, Avi Klein, Sara Meir,\u00a0 and Moti Fridman, \"<a class=\"gsc_vcd_title_link\" href=\"https:\/\/www.osapublishing.org\/abstract.cfm?uri=ol-44-4-799\" data-clk=\"hl=iw&amp;sa=T&amp;ei=Z5ZoXpDsGbyGy9YP6tihyAo\">Phase retrieval by an array of overlapping time-lenses<\/a> ,\"<em>Optics letters<\/em> <strong>44<\/strong>(4), 799-802 (2019).<\/li>\n<li>Avi Klein, Hamootal Duadi, and Moti Fridman \u201c<a href=\"https:\/\/www.osapublishing.org\/ol\/abstract.cfm?uri=ol-43-8-1651\">Full Stokes Temporal Imaging<\/a>\u201d <em>Opt. Lett.\u00a0<\/em> <strong>43<\/strong>(8), 1651-1653 (2018).<\/li>\n<li>Avi Klein, Shir Shahal, Hamootal Duadi, Gilad Masri, and Moti Fridman \u201c<a href=\"http:\/\/ieeexplore.ieee.org\/abstract\/document\/8305457\/?reload=true\">Temporal encryption at 1 Tb\/s<\/a>\u201d <em>Light. Tech.<\/em> (2018).<\/li>\n<li>Avi Klein, Gilad Masri, Hamootal Duadi, Kfir Sulimani, Ohad Lib, Hadar Steinberg, Stanislav A. Kolpakov and Moti Fridman, \u201c<a class=\"gsc_vcd_title_link\" href=\"https:\/\/www.osapublishing.org\/abstract.cfm?uri=optica-5-7-774\" data-clk=\"hl=iw&amp;sa=T&amp;ei=cpdoXvqyDbyGy9YP6tihyAo\">Ultrafast rogue wave patterns in fiber lasers<\/a>\u201d\u00a0 <em>Optica<\/em> <strong>5<\/strong> (7), 774-778 (2018).<\/li>\n<li>Avi Klein, Tomer Yaron, Eyal Preter, Hamootal Duadi, and Moti Fridman, \"<a class=\"gsc_a_at\" href=\"https:\/\/www.osapublishing.org\/optica\/abstract.cfm?uri=optica-4-5-502\"><span dir=\"ltr\">Temporal depth imaging<\/span>\u200f<\/a>\u200f,\" <em>Optica<\/em> <strong>4<\/strong> (5), 502-506(2017).<\/li>\n<li>Avi Klein, Shir Shahal, Gilad Masri, Hamootal Duadi, and Moti Fridman, \"<a class=\"gsc_a_at\" href=\"http:\/\/ieeexplore.ieee.org\/abstract\/document\/7894243\/\"><span dir=\"ltr\">Four Wave Mixing-Based Time Lens for Orthogonal Polarized Input Signals<\/span>\u200f<\/a>,\" <em>IEEE Photonics Journal<\/em> <strong>9<\/strong>, 1-7 (2017).<\/li>\n<li>Tomer Yaron, Avi Klein, Hamootal Duadi, and Moti Fridman ,\" <a href=\"https:\/\/www.osapublishing.org\/ao\/abstract.cfm?uri=ao-56-9-d24\"><span dir=\"ltr\">Temporal superresolution based on a localization microscopy algorithm<\/span>\u200f,<\/a>\" <em>App. Opt.<\/em> <strong>56<\/strong>,D24-D28 (2017).<\/li>\n<li>Moti Fridman, Yoshitomo Okawachi, St\u00e9phane Clemmen, Micha\u00ebl M\u00e9nard, Michal Lipson, Alexander L Gaeta,\"<a class=\"gsc_a_at\" href=\"http:\/\/iopscience.iop.org\/article\/10.1088\/2040-8978\/17\/3\/035501\/meta\"><span dir=\"ltr\">Waveguide-based single-shot temporal cross-correlator<\/span>\u200f<\/a>,\"<em>J.Opt.<\/em> <strong>17<\/strong> (3), 035501(2015).<\/li>\n<li>Moti Fridman, Alessandro Farsi, Yoshitomo Okawachi, and Alexander L. Gaeta \"<a href=\"https:\/\/www.nature.com\/articles\/nature10695\">Demonstration of temporal cloaking<\/a>\" <em>Nature<\/em> <strong>481<\/strong>, 62-65 (2012).<\/li>\n<li>Shlomi Arnon, and Moti Fridman \u201c<a href=\"https:\/\/ieeexplore.ieee.org\/abstract\/document\/6316039\/\">Data Center Switch Based on Temporal Cloaking<\/a>\u201d <em>J. of Light. Tech.<\/em> <strong>30<\/strong> (21),3427\u00a0<span class=\"ng-binding ng-scope\">- 3433\u00a0<\/span>(2012).<\/li>\n<\/ol>\n<p><strong>Fiber devices<\/strong><\/p>\n<ol>\n<li>Sagie Asraf, Moti Fridman, and Zeev Zalevsky, \u201cFibers-based temporal super-resolved imaging,\u201d <em>Sci Rep<\/em> <strong>10<\/strong>(1), 17750 (2020).<\/li>\n<li>Alexandra Blank, Moti Fridman, and Yoav Linzon, \"<a href=\"https:\/\/www.sciencedirect.com\/science\/article\/pii\/S0924424718316960\">In-liquid durable sensing with fused microknot optical transmission resonators: Folded versus straight configuration on hydrophilic and hydrophobic substrates<\/a>,\"<em>Sensors and Actuators A: Physical<\/em><strong> 228<\/strong>, 21-26 (2019).<\/li>\n<li>Shir Shahal, Hamootal Duadi, Yoav Linzon and Moti Fridman, \u201c<a href=\"http:\/\/www.mdpi.com\/1424-8220\/18\/4\/1273\">Complex fiber micro-knots<\/a>\u201d <em>Sensors<\/em> <strong>18<\/strong>(4), 1273 (2018).<\/li>\n<li>Alexandra Logvinova, Shir Shahal, Moti Fridman, Yoav Linzon, \u201cFused microknot optical resonators in folded photonic tapers for in-liquid durable sensing\u201d submitted to Sensors.<\/li>\n<li>Shir Shahal, Hamootal Duadi, and Moti Fridman,\"<a class=\"gsc_a_at\" href=\"http:\/\/www.mdpi.com\/1424-8220\/17\/11\/2490\"><span dir=\"ltr\">High-Order Modes Micro-Knot Excited by a Long-Period Fiber Grating,<\/span>\u200f\"\u00a0<\/a><em>Sensors<\/em> <strong>17<\/strong> (11), 2490 (2017).<\/li>\n<li>Alexandra Logvinova, Gal Gottlieb, Shir Shahal, Moti Fridman, and Yoav Linzon, \"<a href=\"https:\/\/www.osapublishing.org\/ao\/abstract.cfm?uri=ao-56-20-5726\">Dynamical range and stability enhancement in electrically fused microknot optical resonators<\/a>,\" <em>Appl.\u00a0Opt.<\/em> <strong>56<\/strong>, 5726 (2017).<\/li>\n<li>Shir Shahal, Avi Klein, Gilad Masri, Hamootal Duadi, and\u00a0Moti Fridman<b>\u00a0<\/b>\u201c<a href=\"https:\/\/www.osapublishing.org\/josaa\/abstract.cfm?uri=josaa-34-2-264\">Long period fiber gratings with off-resonance spectral response based on mechanical oscillations<\/a>\u201d\u00a0<i>JOSA A.\u00a0<\/i><strong>34<\/strong>(2)<b>\u00a0<\/b>264-269<b>\u00a0<\/b>(2017).<\/li>\n<li>Idit Feder, Hamootal Duadi, Moti Fridman, Tamar Dreifuss, and Dror Fixler,\"<a class=\"gsc_a_at\" href=\"http:\/\/jbpe.ssau.ru\/index.php\/JBPE\/article\/view\/3096\"><span dir=\"ltr\">Experimentally testing the role of blood vessels in the full scattering profile: solid phantom measurements<\/span>\u200f<\/a>,\"<em>J. of Biomed.Photonics &amp; Eng.<\/em> <strong>2<\/strong> (4),\u00a00403011-0403018 (2016).<\/li>\n<li>Gilad Masri, Shir Shahal, Avi Klein, Hamootal Duadi, and Moti Fridman \u201c<a href=\"https:\/\/www.osapublishing.org\/oe\/abstract.cfm?uri=oe-24-26-29843\">Polarization dependence of asymmetric off-resonance long period fiber gratings<\/a>\u201d <em>Opt. Exp.<\/em> <strong>24<\/strong>(26), 29843 (2016).<\/li>\n<li>Shir Shahal, Avi Klein, Gilad Masri and\u00a0Moti Fridman<b>\u00a0<\/b>\u201c<a href=\"https:\/\/www.osapublishing.org\/ao\/abstract.cfm?uri=ao-55-17-4538\">Fused fiber micro-knots<\/a>\u201d\u00a0<i>App. Opt.<\/i>\u00a0<b>55<\/b>(17), 4538 (2016).<\/li>\n<\/ol>\n<p><strong>Coupled systems<\/strong><\/p>\n<ol>\n<li>Shir Shahal, Ateret Wurzberg, Inbar Sibony, Hamootal Duadi, Elad Shniderman, Daniel Weymouth, Nir Davidson, and Moti Fridman,\u201d Synchronization of complex human networks,\u201d <em>Nat Commun<\/em> 11, 3854 (2020).<\/li>\n<li>Kfir Sulimany, Ohad Lib, Gilad Masri, Avi Klein, Moti Fridman, Philippe Grelu, Omri Gat, and Hadar Steinberg \u201cBidirectional soliton rain dynamics induced by Casimir-like interaction in graphene modelocked fiber laser\u201d <em>PRL<\/em> <strong>121<\/strong> (13),133902 (2018) .<\/li>\n<li>Moti Fridman, Haim Suchowski, Micha Nixon, Asher A. Friesem, and Nir Davidson, \"Modal dynamics in multimode fibers\" <em>J. Opt. Soc. Am. A<\/em> <strong>29<\/strong>, 541-544 (2012).<\/li>\n<li>Micha Nixon, Moti Fridman, Eitan Ronen, Asher A. Friesem, Nir Davidson, and Ido Kanter, \u201cControlling Synchronization in Large Laser Networks\u201d <em>Phys. Rev. Lett.<\/em> <em>108<\/em>, 214101 (2012).<\/li>\n<li>Moti Fridman, Rami Pugatch, Micha Nixon, Asher A. Friesem, and Nir Davidson, \"Measuring maximal eigenvalue distribution of Wishart random matrices with coupled lasers,\"\u00a0<em>Phys. Rev. E.<\/em> . <strong>85<\/strong>, 020101(R) (2012).<\/li>\n<li>Moti Fridman, Rami Pugatch, Micha Nixon, Asher A. Friesem, and Nir Davidson, \" \"Phase locking level statistics of coupled random fiber lasers,\" <em>Phys. Rev. E.<\/em>\u00a0<strong> 86<\/strong>, 041142 (2012).<\/li>\n<li>Micha Nixon,\u00a0Moti Friedman,\u00a0Eitan Ronen,\u00a0Asher A. Friesem,\u00a0Nir Davidson, and\u00a0Ido Kanter \u201cSynchronized Cluster Formation in Coupled Laser Networks\u201d <em>Phys. Rev. Lett.<\/em> <strong>106<\/strong>, 223901 (2011).<\/li>\n<li>Micha Nixon, Moti Fridman, Asher A. Friesem, and Nir Davidson, \"Enhanced coherence of weakly coupled lasers,\" <em>Opt. Lett.<\/em> <strong>36<\/strong>, 1320-1322 (2011).<\/li>\n<li>Moti Fridman, Micha Nixon, Nir Davidson, and Asher A. Friesem \u201cCoherent addition of 25 fiber lasers\u201d, <em>Opt. Lett.<\/em> <strong>35<\/strong>, 1383, (2010).<\/li>\n<li>Moti Fridman, Micha Nixon, Eitan Ronen, Asher A. Friesem, and Nir Davidson, \"Phase locking of two coupled lasers with many longitudinal modes\", <em>Opt. Lett.<\/em> <strong>35<\/strong>, 526 (2010).<\/li>\n<li>Tal Arane, Ana K. R. Musalem, and\u00a0Moti\u00a0Fridman, \"Coupling between two singing wineglasses\" <em>Am. J. Phy.\u00a0<\/em><strong>77<\/strong>, 1066 (2009).<\/li>\n<li>Moti Fridman, Vardit Eckhouse, Nir Davidson, and Asher A. Friesem \"Simultaneous coherent and spectral addition of fiber lasers\" <em>Opt. Lett.<\/em> <strong>33<\/strong>, 7 (2008).<\/li>\n<li>Moti Fridman, Vardit Eckhouse, Nir Davidson, and Asher A. Friesem. \"The effect of quantum noise on coupled laser oscillators\"<em> Phys. Rev. A<\/em> <strong>77<\/strong>, 061803(R) (2008).<\/li>\n<li>Moti Fridman, Vardit Eckhouse, Elena Luria, Vladimir Krupkin, Nir Davidson and Asher A. Friesem \"Coherent addition of two dimensional array of fiber lasers\" <em>Opt. Comm.<\/em><strong> 281<\/strong>, 6091 (2008).<\/li>\n<li>Micha Nixon, Moti Fridman, Eitan Ronen, Asher A. Friesem, and Nir Davidson, \"Phase locking of two fiber lasers with time-delayed coupling\" <em>Opt. Lett.\u00a0<\/em><strong>34<\/strong>, 1864-1866 (2009).<\/li>\n<li>Vardit Eckhouse, Moti Fridman, Nir Davidson, and Asher A. Friesem ''Loss enhanced phase locking in coupled oscillators'' <em>Phys. Rev. Lett.<\/em> <strong>100<\/strong>, 024102 (2008).<\/li>\n<li>Eitan Ronen, Moti Fridman, Micha Nixon,, Asher A. Friesem, and Nir Davidson, \u00a0\"Phase locking of lasers with intra-cavity polarization elements\",\u00a0 <em>Opt. Lett.<\/em> <strong>33<\/strong>, 2305 (2008).<\/li>\n<li>Vardit Eckhouse, Moti Fridman, Nir Davidson, and Asher A. Friesem, \"Phase locking and coherent combining of high order mode fiber lasers\", <em>Opt. Lett.<\/em> <strong>33<\/strong>, 2134 (2008).<\/li>\n<li>Moti Fridman, Vardit Eckhouse, Nir Davidson, and Asher A. Friesem ''Efficient coherent addition of fiber lasers in free space'' <em>Opt. Lett.<\/em> <strong>32<\/strong>, 790 (2007).<\/li>\n<li>Micha Nixon, Moti Fridman, Eitan Ronen, Asher A. Friesem, Nir Davidson, Ido Kanter \u201cControlling synchronization in large laser networks using number theory\u201d <em>Phys. Rev. Lett.<\/em> <strong>108<\/strong> (21), 214101(2012).<\/li>\n<li>Moti Fridman, Micha Nixon, Vardit Eckhouse, Nir Davidson, and Asher A. Friesem \"Temporal behavior of synchronization between chaotic fiber lasers\" arXiv:0811.4535v1.<\/li>\n<li>Y. Henry Wen, Onur Kuzucu, Moti Fridman, Alexander L. Gaeta, Lian-Wee Luo and Michal Lipson, \u201cAll-Optical Control of an Individual Resonance in a Silicon Microresonator\u201d <em>Phys. Rev. Lett.<\/em> <strong>108<\/strong>, 223907 (2012)3427\u00a0<span class=\"ng-binding ng-scope\">- 3433 (2012).<\/span><\/li>\n<\/ol>\n<p><strong>Unique states of polarization<\/strong><\/p>\n<ol>\n<li>Moti Fridman, Eran Grinvald, Amit Godel, Micha Nixon, Asher A. Friesem, and Nir Davidson, \"Compact achromatic real-time measurement of space-variant polarizations\" <em>Appl. Phys. Lett.<\/em> <strong>98<\/strong>, 141107 (2011).<\/li>\n<li>Moti Fridman, Micha Nixon, Eran Grinvald, Nir Davidson, and Asher A. Friesem, \u201cReal-time measurement of space-variant polarizations\u201d <em>Opt. Express<\/em> <strong>18<\/strong>, 10805 (2010).<\/li>\n<li>Moti Fridman, Micha Nixon, Mark Dubinskii, Asher A. Friesem, and Nir Davidson, \"Fiber amplification of radially and azimuthally polarized laser light\" <em>Opt. Lett.<\/em> <strong>35<\/strong>, 1332 (2010).<\/li>\n<li>Moti Fridman, Galina Machavariani, Nir Davidson, and Asher A Friesem,\"<span dir=\"ltr\">Fiber lasers generating radially and azimuthally polarized light<\/span>\u200f,\"\u00a0\u00a0<em>App. Phy. Lett.<\/em> <strong>93<\/strong> (19), 191104 (2008).<\/li>\n<li>Moti Fridman, Nir Davidson, Galina Machavariani and Asher A. Friesem \"Fiber lasers generating radially and azimuthally polarized light\" <em>App. Phy. Lett.<\/em> <strong>93<\/strong>, 191104 (2008).<\/li>\n<li>Moti Fridman, Micha Nixon, Mark Dubinskii, Asher A. Friesem, Nir Davidson, \"Principal modes in fiber amplifiers\" <em>Opt. Lett.<\/em> <strong>36<\/strong>, 388-390 (2011).<\/li>\n<\/ol>\n<p><strong>Books<\/strong><\/p>\n<ol>\n<li>Moti Fridman, Micha Nixon, Nir Davidson, and Asher A. Friesem<br \/>\n\"<a style=\"color: #ea9629\" href=\"http:\/\/www.eng.biu.ac.il\/fridmama\/files\/2018\/03\/Coherent-Combining-and-Phase-Locking-of-Fiber-Lasers.pdf\">Coherent Combining and Phase Locking of Fiber Lasers<\/a>\" Wiley-VCH Verlag GmbH &amp; Co. KGaA, Weinheim, Germany. (2013).<a href=\"http:\/\/www.eng.biu.ac.il\/fridmama\/files\/2018\/03\/Coherent-Combining-and-Phase-Locking-of-Fiber-Lasers.pdf\"><img loading=\"lazy\" decoding=\"async\" class=\"alignright wp-image-272\" src=\"http:\/\/www.eng.biu.ac.il\/fridmama\/files\/2018\/05\/PDF-symbol.png\" alt=\"\" width=\"44\" height=\"44\" \/><\/a><\/li>\n<\/ol>\n","protected":false},"excerpt":{"rendered":"<p>Temporal optics Avi Klein, Inbar Sibony, Sara Meir, Hamootal Duadi, Michelle Y. Sander, and Moti Fridman, \u201cTemporal imaging with a high filling factor,\u201d APL Photonics 5(9), 090801 (2020). Avi Klein,Shir Shahal,Sara Meir , Hamootal Duadi, Kfir Sulimany, Ohad Lib, Hadar Steinberg, Stanislav A Kolpakov, and Moti Fridman, &#8220;Ultrafast twin-peak rogue waves in a vector field,&#8221; &hellip; <a href=\"https:\/\/www.eng.biu.ac.il\/fridmama\/publications\/\" class=\"more-link\">Continue reading <span class=\"screen-reader-text\">Publications<\/span> <span class=\"meta-nav\">&rarr;<\/span><\/a><\/p>\n","protected":false},"author":1,"featured_media":0,"parent":0,"menu_order":0,"comment_status":"closed","ping_status":"open","template":"","meta":{"footnotes":""},"class_list":["post-26","page","type-page","status-publish","hentry"],"_links":{"self":[{"href":"https:\/\/www.eng.biu.ac.il\/fridmama\/wp-json\/wp\/v2\/pages\/26"}],"collection":[{"href":"https:\/\/www.eng.biu.ac.il\/fridmama\/wp-json\/wp\/v2\/pages"}],"about":[{"href":"https:\/\/www.eng.biu.ac.il\/fridmama\/wp-json\/wp\/v2\/types\/page"}],"author":[{"embeddable":true,"href":"https:\/\/www.eng.biu.ac.il\/fridmama\/wp-json\/wp\/v2\/users\/1"}],"replies":[{"embeddable":true,"href":"https:\/\/www.eng.biu.ac.il\/fridmama\/wp-json\/wp\/v2\/comments?post=26"}],"version-history":[{"count":43,"href":"https:\/\/www.eng.biu.ac.il\/fridmama\/wp-json\/wp\/v2\/pages\/26\/revisions"}],"predecessor-version":[{"id":358,"href":"https:\/\/www.eng.biu.ac.il\/fridmama\/wp-json\/wp\/v2\/pages\/26\/revisions\/358"}],"wp:attachment":[{"href":"https:\/\/www.eng.biu.ac.il\/fridmama\/wp-json\/wp\/v2\/media?parent=26"}],"curies":[{"name":"wp","href":"https:\/\/api.w.org\/{rel}","templated":true}]}}